{"id":4161,"date":"2023-08-09T18:14:18","date_gmt":"2023-08-09T18:14:18","guid":{"rendered":"http:\/\/casaanita.cgmktpv.com\/?page_id=4161"},"modified":"2023-08-09T19:19:37","modified_gmt":"2023-08-09T19:19:37","slug":"room-ejemplo","status":"publish","type":"page","link":"https:\/\/casaanita.com\/es\/room-ejemplo\/","title":{"rendered":"Room Ejemplo"},"content":{"rendered":"<div data-elementor-type=\"wp-page\" data-elementor-id=\"4161\" class=\"elementor elementor-4161\">\n\t\t\t\t\t\t<section class=\"elementor-section elementor-top-section elementor-element elementor-element-2a632c0 elementor-section-boxed elementor-section-height-default elementor-section-height-default\" data-id=\"2a632c0\" data-element_type=\"section\">\n\t\t\t\t\t\t<div class=\"elementor-container elementor-column-gap-default\">\n\t\t\t\t\t<div class=\"elementor-column elementor-col-100 elementor-top-column elementor-element elementor-element-0ff99ad\" data-id=\"0ff99ad\" data-element_type=\"column\">\n\t\t\t<div class=\"elementor-widget-wrap\">\n\t\t\t\t\t\t\t<\/div>\n\t\t<\/div>\n\t\t\t\t\t<\/div>\n\t\t<\/section>\n\t\t\t\t<section class=\"elementor-section elementor-top-section elementor-element elementor-element-9574bf5 elementor-section-height-min-height elementor-section-stretched elementor-section-boxed elementor-section-height-default elementor-section-items-middle\" data-id=\"9574bf5\" data-element_type=\"section\" data-settings=\"{&quot;stretch_section&quot;:&quot;section-stretched&quot;,&quot;background_background&quot;:&quot;classic&quot;}\">\n\t\t\t\t\t\t<div class=\"elementor-container elementor-column-gap-custom\">\n\t\t\t\t\t<div class=\"elementor-column elementor-col-100 elementor-top-column elementor-element elementor-element-68f5f1d\" data-id=\"68f5f1d\" data-element_type=\"column\">\n\t\t\t<div class=\"elementor-widget-wrap elementor-element-populated\">\n\t\t\t\t\t\t<div class=\"elementor-element elementor-element-93ae86d elementor-absolute elementor-widget elementor-widget-thim-ekits-heading\" data-id=\"93ae86d\" data-element_type=\"widget\" data-settings=\"{&quot;_position&quot;:&quot;absolute&quot;}\" data-widget_type=\"thim-ekits-heading.default\">\n\t\t\t\t<div class=\"elementor-widget-container\">\n\t\t\t\t\t<div class=\"thim-ekits-heading thim-ekit__heading\"><h5 class=\"sub-heading\">Welcome to<\/h5><h1 class=\"title\">Ejemplo 1<\/h1><\/div>\t\t\t\t<\/div>\n\t\t\t\t<\/div>\n\t\t\t\t\t<\/div>\n\t\t<\/div>\n\t\t\t\t\t<\/div>\n\t\t<\/section>\n\t\t\t\t<section class=\"elementor-section elementor-top-section elementor-element elementor-element-5da63df elementor-section-boxed elementor-section-height-default elementor-section-height-default\" data-id=\"5da63df\" data-element_type=\"section\">\n\t\t\t\t\t\t<div class=\"elementor-container elementor-column-gap-default\">\n\t\t\t\t\t<div class=\"elementor-column elementor-col-100 elementor-top-column elementor-element elementor-element-f53ce6d\" data-id=\"f53ce6d\" data-element_type=\"column\">\n\t\t\t<div class=\"elementor-widget-wrap elementor-element-populated\">\n\t\t\t\t\t\t<div class=\"elementor-element elementor-element-509413d elementor-widget elementor-widget-thim-ekits-heading\" data-id=\"509413d\" data-element_type=\"widget\" data-widget_type=\"thim-ekits-heading.default\">\n\t\t\t\t<div class=\"elementor-widget-container\">\n\t\t\t\t\t<div class=\"thim-ekits-heading thim-ekit__heading\"><h1 class=\"title\">Ejemplo 1<\/h1>\t\t\t<div class='desc'>\n\t\t\t\t<p>Lorem ipsum dolor sit amet, consectetur adipiscing elit. Aliquam eget est non dui fringilla blandit quis vel nibh. Phasellus placerat blandit massa quis imperdiet. Praesent sed facilisis magna. Proin a urna quis lacus dapibus imperdiet. In enim elit, mattis a lacinia quis, maximus non libero. Nam eget metus in sapien vehicula tempor sed ac nunc.<\/p>\t\t\t<\/div>\n\t\t<\/div>\t\t\t\t<\/div>\n\t\t\t\t<\/div>\n\t\t\t\t\t<\/div>\n\t\t<\/div>\n\t\t\t\t\t<\/div>\n\t\t<\/section>\n\t\t\t\t<section class=\"elementor-section elementor-top-section elementor-element elementor-element-51b025e elementor-section-boxed elementor-section-height-default elementor-section-height-default\" data-id=\"51b025e\" data-element_type=\"section\">\n\t\t\t\t\t\t<div class=\"elementor-container elementor-column-gap-default\">\n\t\t\t\t\t<div class=\"elementor-column elementor-col-50 elementor-top-column elementor-element elementor-element-80fbfbc\" data-id=\"80fbfbc\" data-element_type=\"column\">\n\t\t\t<div class=\"elementor-widget-wrap elementor-element-populated\">\n\t\t\t\t\t\t<div class=\"elementor-element elementor-element-04acedf elementor-widget thim-widget-gallery-images\" data-id=\"04acedf\" data-element_type=\"widget\" data-widget_type=\"thim-gallery-image.default\">\n\t\t\t\t<div class=\"elementor-widget-container\">\n\t\t\t\t\t<div class=\"thim-gallery-images owl-carousel gallery-img\"><div class=\"item\"><img fetchpriority=\"high\" decoding=\"async\" width=\"640\" height=\"427\" src=\"https:\/\/casaanita.com\/wp-content\/uploads\/2015\/10\/double-room-1.jpg\" class=\"attachment-large size-large\" alt=\"\" srcset=\"https:\/\/casaanita.com\/wp-content\/uploads\/2015\/10\/double-room-1.jpg 1000w, https:\/\/casaanita.com\/wp-content\/uploads\/2015\/10\/double-room-1-600x400.jpg 600w, https:\/\/casaanita.com\/wp-content\/uploads\/2015\/10\/double-room-1-300x200.jpg 300w, https:\/\/casaanita.com\/wp-content\/uploads\/2015\/10\/double-room-1-768x512.jpg 768w\" sizes=\"(max-width: 640px) 100vw, 640px\" \/><\/div><div class=\"item\"><img decoding=\"async\" width=\"640\" height=\"427\" src=\"https:\/\/casaanita.com\/wp-content\/uploads\/2015\/10\/family-room-2-1.jpg\" class=\"attachment-large size-large\" alt=\"\" srcset=\"https:\/\/casaanita.com\/wp-content\/uploads\/2015\/10\/family-room-2-1.jpg 1000w, https:\/\/casaanita.com\/wp-content\/uploads\/2015\/10\/family-room-2-1-600x400.jpg 600w, https:\/\/casaanita.com\/wp-content\/uploads\/2015\/10\/family-room-2-1-300x200.jpg 300w, https:\/\/casaanita.com\/wp-content\/uploads\/2015\/10\/family-room-2-1-768x512.jpg 768w\" sizes=\"(max-width: 640px) 100vw, 640px\" \/><\/div><div class=\"item\"><img decoding=\"async\" width=\"640\" height=\"427\" src=\"https:\/\/casaanita.com\/wp-content\/uploads\/2015\/10\/twin-room-3-1.jpg\" class=\"attachment-large size-large\" alt=\"\" srcset=\"https:\/\/casaanita.com\/wp-content\/uploads\/2015\/10\/twin-room-3-1.jpg 1000w, https:\/\/casaanita.com\/wp-content\/uploads\/2015\/10\/twin-room-3-1-600x400.jpg 600w, https:\/\/casaanita.com\/wp-content\/uploads\/2015\/10\/twin-room-3-1-300x200.jpg 300w, https:\/\/casaanita.com\/wp-content\/uploads\/2015\/10\/twin-room-3-1-768x512.jpg 768w\" sizes=\"(max-width: 640px) 100vw, 640px\" \/><\/div><div class=\"item\"><img loading=\"lazy\" decoding=\"async\" width=\"640\" height=\"427\" src=\"https:\/\/casaanita.com\/wp-content\/uploads\/2015\/10\/double-room-21-1.jpg\" class=\"attachment-large size-large\" alt=\"\" srcset=\"https:\/\/casaanita.com\/wp-content\/uploads\/2015\/10\/double-room-21-1.jpg 1000w, https:\/\/casaanita.com\/wp-content\/uploads\/2015\/10\/double-room-21-1-600x400.jpg 600w, https:\/\/casaanita.com\/wp-content\/uploads\/2015\/10\/double-room-21-1-300x200.jpg 300w, https:\/\/casaanita.com\/wp-content\/uploads\/2015\/10\/double-room-21-1-768x512.jpg 768w\" sizes=\"(max-width: 640px) 100vw, 640px\" \/><\/div><div class=\"item\"><img loading=\"lazy\" decoding=\"async\" width=\"640\" height=\"427\" src=\"https:\/\/casaanita.com\/wp-content\/uploads\/2015\/10\/luxury-sitting-2-1.jpg\" class=\"attachment-large size-large\" alt=\"\" srcset=\"https:\/\/casaanita.com\/wp-content\/uploads\/2015\/10\/luxury-sitting-2-1.jpg 1000w, https:\/\/casaanita.com\/wp-content\/uploads\/2015\/10\/luxury-sitting-2-1-600x400.jpg 600w, https:\/\/casaanita.com\/wp-content\/uploads\/2015\/10\/luxury-sitting-2-1-300x200.jpg 300w, https:\/\/casaanita.com\/wp-content\/uploads\/2015\/10\/luxury-sitting-2-1-768x512.jpg 768w\" sizes=\"(max-width: 640px) 100vw, 640px\" \/><\/div><div class=\"item\"><img loading=\"lazy\" decoding=\"async\" width=\"640\" height=\"427\" src=\"https:\/\/casaanita.com\/wp-content\/uploads\/2015\/10\/luxury-sitting-1.jpg\" class=\"attachment-large size-large\" alt=\"\" srcset=\"https:\/\/casaanita.com\/wp-content\/uploads\/2015\/10\/luxury-sitting-1.jpg 1000w, https:\/\/casaanita.com\/wp-content\/uploads\/2015\/10\/luxury-sitting-1-600x400.jpg 600w, https:\/\/casaanita.com\/wp-content\/uploads\/2015\/10\/luxury-sitting-1-300x200.jpg 300w, https:\/\/casaanita.com\/wp-content\/uploads\/2015\/10\/luxury-sitting-1-768x512.jpg 768w\" sizes=\"(max-width: 640px) 100vw, 640px\" \/><\/div><\/div>\t\t\t\t<\/div>\n\t\t\t\t<\/div>\n\t\t\t\t\t<\/div>\n\t\t<\/div>\n\t\t\t\t<div class=\"elementor-column elementor-col-50 elementor-top-column elementor-element elementor-element-1ff8ca1\" data-id=\"1ff8ca1\" data-element_type=\"column\">\n\t\t\t<div class=\"elementor-widget-wrap elementor-element-populated\">\n\t\t\t\t\t\t<div class=\"elementor-element elementor-element-5534089 elementor-widget elementor-widget-text-editor\" data-id=\"5534089\" data-element_type=\"widget\" data-widget_type=\"text-editor.default\">\n\t\t\t\t<div class=\"elementor-widget-container\">\n\t\t\t\t\t\t\t\t\t<h2 align=\"left\">For Sale $115,000 Usd<\/h2>\n<strong>Las tarifas incluyen todos los impuestos<\/strong>. We have a minimum stay of 5 nights on the following dates:\n<table class=\"table table-striped\">\n<tbody>\n<tr>\n<td><strong># de Personas<\/strong><\/td>\n<td><strong>1 o 2<\/strong><\/td>\n<\/tr>\n<tr>\n<td>Apr.8 &#8211; Dec.22<\/td>\n<td>$44.00 US &#8211; $935 MX<\/td>\n<\/tr>\n<tr>\n<td>Dic.23 \u2013 Jan.3<\/td>\n<td>$95.00 US &#8211; $1,615 MX<\/td>\n<\/tr>\n<tr>\n<td>Jan.4 \u2013 Abr.7<\/td>\n<td>$75.00 US &#8211; $1,275 MX<\/td>\n<\/tr>\n<\/tbody>\n<\/table>\t\t\t\t\t\t\t\t<\/div>\n\t\t\t\t<\/div>\n\t\t\t\t\t<\/div>\n\t\t<\/div>\n\t\t\t\t\t<\/div>\n\t\t<\/section>\n\t\t\t\t<section class=\"elementor-section elementor-top-section elementor-element elementor-element-881f48d elementor-section-boxed elementor-section-height-default elementor-section-height-default\" data-id=\"881f48d\" data-element_type=\"section\">\n\t\t\t\t\t\t<div class=\"elementor-container elementor-column-gap-default\">\n\t\t\t\t\t<div class=\"elementor-column elementor-col-100 elementor-top-column elementor-element elementor-element-bff57f8\" data-id=\"bff57f8\" data-element_type=\"column\">\n\t\t\t<div class=\"elementor-widget-wrap elementor-element-populated\">\n\t\t\t\t\t\t<div class=\"elementor-element elementor-element-a6fca03 elementor-widget elementor-widget-text-editor\" data-id=\"a6fca03\" data-element_type=\"widget\" data-widget_type=\"text-editor.default\">\n\t\t\t\t<div class=\"elementor-widget-container\">\n\t\t\t\t\t\t\t\t\t<h3>Amenities &amp; Extras<\/h3><ul><li>2 Piscinas, piscina m\u00e1s Grande se calienta entre los meses de diciembre a abril.<\/li><li>Lavander\u00eda Que Funciona Con Monedas<br \/>Ubicaci\u00f3n de la clave, a poca distancia del centro de la ciudad<\/li><li>A s\u00f3lo 5 minutos a pie de la playa<\/li><li>Residente Canadiense, triling\u00fce manager en el sitio.<\/li><li>Franc\u00e9s, ingl\u00e9s y espa\u00f1ol.<\/li><li>Mostrador de informaci\u00f3n tur\u00edstica con el cat\u00e1logo de actividades.<\/li><li>Servicio de limpieza diario (excepto los d\u00edas festivos).<\/li><li>Built-in strong box in each suite. Bring your own padlock.<\/li><li>Aparcamiento gratuito.<\/li><li>Cerca de transporte (taxis, autobuses).<\/li><li>Servicio de entrega de agua y otras bebidas a precios baratos.<\/li><li>Restaurantes, tiendas, bancos, hospitales y todo dentro de un paseo.<\/li><li>Privada, masajista, manicura o pedicura cita previa.<\/li><li>Tarjetas de cr\u00e9dito aceptadas: VISA, MASTERCARD y PAYPAL.<\/li><li>Mejores vistas de la ciudad!<\/li><li>Internet inal\u00e1mbrico de alta velocidad de conexi\u00f3n disponible a partir de patios.<\/li><li>Todas nuestras suites tienen TV por cable<\/li><\/ul><h3>Opciones, Extras y Suplementos<\/h3><ul><li>Una forma de transferencia (desde el aeropuerto a la Casa Anita solamente) \u2013 $15 USD por persona \u2013 m\u00ednimo 2 personas.<\/li><li>Late check out (12-4 p.m.) &#8211; $20 USD per suite<\/li><li>Extra Person Sharing &#8211; $10 USD per day<\/li><li>Child (2-11 years old) &#8211; $5 USD per child<\/li><li>Ni\u00f1os (menores de 2 a\u00f1os de edad): Sin cargo.<\/li><li>Grupos de+ de 40 \u2013 Llame para precios especiales<\/li><li>Navidad, A\u00f1o Nuevo y Pascua \u2013 estancia m\u00ednima de 5 noches<\/li><li>Agua embotellada \u2013 $7 D\u00d3LARES por una botella de 19 litros.<\/li><\/ul><p><strong>Pagos Y Pol\u00edtica De Cancelaci\u00f3n<\/strong><\/p><div class=\"col-12 col-lg-4\"><div class=\"single-contact-information mb-100\"><div class=\"section-text\"><h3>We love to hear from you<\/h3><p>Correo electr\u00f3nico o vis\u00edtenos directamente<\/p><\/div><div class=\"contact-content d-flex\"><p>Correo electr\u00f3nico:<\/p><p>casanita@prodigy.net.mx<\/p><\/div><div class=\"contact-content d-flex\"><p><strong>Direcci\u00f3n:\u00a0<\/strong><\/p><p>Casa Anita &amp; Corona del Mar,<br \/>Carretera Barra de Navidad # 601,<br \/>Col. Las Amapas,<br \/>Puerto Vallarta, Jalisco,<br \/>C. P. 48399 M\u00e9xico<\/p><\/div><\/div><\/div><div class=\"col-12 col-lg-4\"><div class=\"single-contact-information mb-100\"><div class=\"section-text\"><h3>From Canada or USA<\/h3><p><strong>Call us:<\/strong><\/p><\/div><div class=\"contact-content d-flex\"><p>Telephone<\/p><p>011-52-322-222-0018<\/p><\/div><\/div><\/div><div class=\"col-12 col-lg-4\"><div class=\"single-contact-information mb-100\"><div class=\"section-text\"><h3>From Mexico<\/h3><p><strong>Call us:<\/strong><\/p><\/div><div class=\"contact-content d-flex\"><p>Tel\u00e9fono:<\/p><p>800-716-0184<\/p><\/div><div class=\"contact-content d-flex\"><p>322-222-0018<\/p><\/div><\/div><\/div>\t\t\t\t\t\t\t\t<\/div>\n\t\t\t\t<\/div>\n\t\t\t\t\t<\/div>\n\t\t<\/div>\n\t\t\t\t\t<\/div>\n\t\t<\/section>\n\t\t\t\t<section class=\"elementor-section elementor-top-section elementor-element elementor-element-1898cce elementor-section-boxed elementor-section-height-default elementor-section-height-default\" data-id=\"1898cce\" data-element_type=\"section\">\n\t\t\t\t\t\t<div class=\"elementor-container elementor-column-gap-default\">\n\t\t\t\t\t<div class=\"elementor-column elementor-col-100 elementor-top-column elementor-element elementor-element-99de306\" data-id=\"99de306\" data-element_type=\"column\">\n\t\t\t<div class=\"elementor-widget-wrap elementor-element-populated\">\n\t\t\t\t\t\t<div class=\"elementor-element elementor-element-833c819 elementor-widget elementor-widget-google_maps\" data-id=\"833c819\" data-element_type=\"widget\" data-widget_type=\"google_maps.default\">\n\t\t\t\t<div class=\"elementor-widget-container\">\n\t\t\t\t\t\t\t<div class=\"elementor-custom-embed\">\n\t\t\t<iframe loading=\"lazy\"\n\t\t\t\t\tsrc=\"https:\/\/maps.google.com\/maps?q=Casa%20Anita%20Corona%20del%20mar&#038;t=m&#038;z=15&#038;output=embed&#038;iwloc=near\"\n\t\t\t\t\ttitle=\"Casa Anita Corona del mar\"\n\t\t\t\t\taria-label=\"Casa Anita Corona del mar\"\n\t\t\t><\/iframe>\n\t\t<\/div>\n\t\t\t\t\t\t<\/div>\n\t\t\t\t<\/div>\n\t\t\t\t<div class=\"elementor-element elementor-element-2344e46 elementor-widget elementor-widget-spacer\" data-id=\"2344e46\" data-element_type=\"widget\" data-widget_type=\"spacer.default\">\n\t\t\t\t<div class=\"elementor-widget-container\">\n\t\t\t\t\t\t\t<div class=\"elementor-spacer\">\n\t\t\t<div class=\"elementor-spacer-inner\"><\/div>\n\t\t<\/div>\n\t\t\t\t\t\t<\/div>\n\t\t\t\t<\/div>\n\t\t\t\t\t<\/div>\n\t\t<\/div>\n\t\t\t\t\t<\/div>\n\t\t<\/section>\n\t\t\t\t<\/div>","protected":false},"excerpt":{"rendered":"<p>Welcome to Ejemplo 1 Ejemplo 1 Lorem ipsum dolor sit amet, consectetur adipiscing elit. Aliquam eget est non dui fringilla blandit quis vel nibh. Phasellus placerat blandit massa quis imperdiet. Praesent sed facilisis magna. Proin a urna quis lacus dapibus imperdiet. In enim elit, mattis a lacinia quis, maximus non libero. Nam eget metus in [&hellip;]<\/p>","protected":false},"author":1,"featured_media":0,"parent":0,"menu_order":0,"comment_status":"closed","ping_status":"closed","template":"page-templates\/homepage.php","meta":{"footnotes":""},"class_list":["post-4161","page","type-page","status-publish","hentry"],"_links":{"self":[{"href":"https:\/\/casaanita.com\/es\/wp-json\/wp\/v2\/pages\/4161","targetHints":{"allow":["GET"]}}],"collection":[{"href":"https:\/\/casaanita.com\/es\/wp-json\/wp\/v2\/pages"}],"about":[{"href":"https:\/\/casaanita.com\/es\/wp-json\/wp\/v2\/types\/page"}],"author":[{"embeddable":true,"href":"https:\/\/casaanita.com\/es\/wp-json\/wp\/v2\/users\/1"}],"replies":[{"embeddable":true,"href":"https:\/\/casaanita.com\/es\/wp-json\/wp\/v2\/comments?post=4161"}],"version-history":[{"count":38,"href":"https:\/\/casaanita.com\/es\/wp-json\/wp\/v2\/pages\/4161\/revisions"}],"predecessor-version":[{"id":4209,"href":"https:\/\/casaanita.com\/es\/wp-json\/wp\/v2\/pages\/4161\/revisions\/4209"}],"wp:attachment":[{"href":"https:\/\/casaanita.com\/es\/wp-json\/wp\/v2\/media?parent=4161"}],"curies":[{"name":"wp","href":"https:\/\/api.w.org\/{rel}","templated":true}]}}