{"id":4263,"date":"2023-08-10T04:59:12","date_gmt":"2023-08-10T04:59:12","guid":{"rendered":"http:\/\/casaanita.cgmktpv.com\/?page_id=4263"},"modified":"2024-12-19T17:51:13","modified_gmt":"2024-12-19T17:51:13","slug":"bachelor-suite","status":"publish","type":"page","link":"https:\/\/casaanita.com\/es\/bachelor-suite\/","title":{"rendered":"Bachelor Suite"},"content":{"rendered":"<div data-elementor-type=\"wp-page\" data-elementor-id=\"4263\" class=\"elementor elementor-4263\">\n\t\t\t\t\t\t<section class=\"elementor-section elementor-top-section elementor-element elementor-element-2a632c0 elementor-section-boxed elementor-section-height-default elementor-section-height-default\" data-id=\"2a632c0\" data-element_type=\"section\">\n\t\t\t\t\t\t<div class=\"elementor-container elementor-column-gap-default\">\n\t\t\t\t\t<div class=\"elementor-column elementor-col-100 elementor-top-column elementor-element elementor-element-0ff99ad\" data-id=\"0ff99ad\" data-element_type=\"column\">\n\t\t\t<div class=\"elementor-widget-wrap\">\n\t\t\t\t\t\t\t<\/div>\n\t\t<\/div>\n\t\t\t\t\t<\/div>\n\t\t<\/section>\n\t\t\t\t<section class=\"elementor-section elementor-top-section elementor-element elementor-element-9574bf5 elementor-section-height-min-height elementor-section-stretched elementor-section-boxed elementor-section-height-default elementor-section-items-middle\" data-id=\"9574bf5\" data-element_type=\"section\" data-settings=\"{&quot;stretch_section&quot;:&quot;section-stretched&quot;,&quot;background_background&quot;:&quot;classic&quot;}\">\n\t\t\t\t\t\t<div class=\"elementor-container elementor-column-gap-custom\">\n\t\t\t\t\t<div class=\"elementor-column elementor-col-100 elementor-top-column elementor-element elementor-element-68f5f1d\" data-id=\"68f5f1d\" data-element_type=\"column\">\n\t\t\t<div class=\"elementor-widget-wrap elementor-element-populated\">\n\t\t\t\t\t\t<div class=\"elementor-element elementor-element-93ae86d elementor-absolute elementor-widget elementor-widget-thim-ekits-heading\" data-id=\"93ae86d\" data-element_type=\"widget\" data-settings=\"{&quot;_position&quot;:&quot;absolute&quot;}\" data-widget_type=\"thim-ekits-heading.default\">\n\t\t\t\t<div class=\"elementor-widget-container\">\n\t\t\t\t\t<div class=\"thim-ekits-heading thim-ekit__heading\"><h5 class=\"sub-heading\">Casa Anita 3<\/h5><h1 class=\"title\">Bachelor Suite<\/h1><\/div>\t\t\t\t<\/div>\n\t\t\t\t<\/div>\n\t\t\t\t\t<\/div>\n\t\t<\/div>\n\t\t\t\t\t<\/div>\n\t\t<\/section>\n\t\t\t\t<section class=\"elementor-section elementor-top-section elementor-element elementor-element-5da63df elementor-section-boxed elementor-section-height-default elementor-section-height-default\" data-id=\"5da63df\" data-element_type=\"section\">\n\t\t\t\t\t\t<div class=\"elementor-container elementor-column-gap-default\">\n\t\t\t\t\t<div class=\"elementor-column elementor-col-100 elementor-top-column elementor-element elementor-element-f53ce6d\" data-id=\"f53ce6d\" data-element_type=\"column\">\n\t\t\t<div class=\"elementor-widget-wrap elementor-element-populated\">\n\t\t\t\t\t\t<div class=\"elementor-element elementor-element-cff28e2 elementor-widget elementor-widget-thim-ekits-heading\" data-id=\"cff28e2\" data-element_type=\"widget\" data-widget_type=\"thim-ekits-heading.default\">\n\t\t\t\t<div class=\"elementor-widget-container\">\n\t\t\t\t\t<div class=\"thim-ekits-heading thim-ekit__heading\"><h1 class=\"title\">Anita 3<\/h1>\t\t\t<div class='desc'>\n\t\t\t\t<p class=\"p1\">Este acogedor estudio est\u00e1 situado por encima de un piso de la piscina y asador cubierto. Anita 3 es muy popular debido a su bajo precio. Esta suite cuenta con todas las mismas comodidades que las otras suites: cocina totalmente equipada, TV por cable, conexi\u00f3n wi-fi y un balc\u00f3n privado con vistas a la bah\u00eda. El pleno del espejo de la pared le da a este estudio suite con un gran efecto. Anita 3 tiene una cama queen size.<\/p>\t\t\t<\/div>\n\t\t<\/div>\t\t\t\t<\/div>\n\t\t\t\t<\/div>\n\t\t\t\t\t<\/div>\n\t\t<\/div>\n\t\t\t\t\t<\/div>\n\t\t<\/section>\n\t\t\t\t<section class=\"elementor-section elementor-top-section elementor-element elementor-element-51b025e elementor-section-boxed elementor-section-height-default elementor-section-height-default\" data-id=\"51b025e\" data-element_type=\"section\">\n\t\t\t\t\t\t<div class=\"elementor-container elementor-column-gap-default\">\n\t\t\t\t\t<div class=\"elementor-column elementor-col-25 elementor-top-column elementor-element elementor-element-80fbfbc\" data-id=\"80fbfbc\" data-element_type=\"column\">\n\t\t\t<div class=\"elementor-widget-wrap elementor-element-populated\">\n\t\t\t\t\t\t<div class=\"elementor-element elementor-element-57bf7a0 elementor-arrows-position-inside elementor-pagination-position-outside elementor-widget elementor-widget-image-carousel\" data-id=\"57bf7a0\" data-element_type=\"widget\" data-settings=\"{&quot;slides_to_show&quot;:&quot;1&quot;,&quot;navigation&quot;:&quot;both&quot;,&quot;autoplay&quot;:&quot;yes&quot;,&quot;pause_on_hover&quot;:&quot;yes&quot;,&quot;pause_on_interaction&quot;:&quot;yes&quot;,&quot;autoplay_speed&quot;:5000,&quot;infinite&quot;:&quot;yes&quot;,&quot;effect&quot;:&quot;slide&quot;,&quot;speed&quot;:500}\" data-widget_type=\"image-carousel.default\">\n\t\t\t\t<div class=\"elementor-widget-container\">\n\t\t\t\t\t\t\t<div class=\"elementor-image-carousel-wrapper swiper\" role=\"region\" aria-roledescription=\"carousel\" aria-label=\"Image Carousel\" dir=\"ltr\">\n\t\t\t<div class=\"elementor-image-carousel swiper-wrapper\" aria-live=\"off\">\n\t\t\t\t\t\t\t\t<div class=\"swiper-slide\" role=\"group\" aria-roledescription=\"slide\" aria-label=\"1 of 6\"><figure class=\"swiper-slide-inner\"><img decoding=\"async\" class=\"swiper-slide-image\" src=\"https:\/\/casaanita.com\/wp-content\/uploads\/2015\/09\/1-Anita-3-1024x768.jpg\" alt=\"1 Anita 3\" \/><\/figure><\/div><div class=\"swiper-slide\" role=\"group\" aria-roledescription=\"slide\" aria-label=\"2 of 6\"><figure class=\"swiper-slide-inner\"><img decoding=\"async\" class=\"swiper-slide-image\" src=\"https:\/\/casaanita.com\/wp-content\/uploads\/2015\/09\/2-Anita-3-1024x768.jpg\" alt=\"2 Anita 3\" \/><\/figure><\/div><div class=\"swiper-slide\" role=\"group\" aria-roledescription=\"slide\" aria-label=\"3 of 6\"><figure class=\"swiper-slide-inner\"><img decoding=\"async\" class=\"swiper-slide-image\" src=\"https:\/\/casaanita.com\/wp-content\/uploads\/2015\/09\/3-Anita-3-1024x768.jpg\" alt=\"3 Anita 3\" \/><\/figure><\/div><div class=\"swiper-slide\" role=\"group\" aria-roledescription=\"slide\" aria-label=\"4 of 6\"><figure class=\"swiper-slide-inner\"><img decoding=\"async\" class=\"swiper-slide-image\" src=\"https:\/\/casaanita.com\/wp-content\/uploads\/2015\/09\/4-Anita-3-949x1024.jpg\" alt=\"4 Anita 3\" \/><\/figure><\/div><div class=\"swiper-slide\" role=\"group\" aria-roledescription=\"slide\" aria-label=\"5 of 6\"><figure class=\"swiper-slide-inner\"><img decoding=\"async\" class=\"swiper-slide-image\" src=\"https:\/\/casaanita.com\/wp-content\/uploads\/2015\/09\/5-Anita-3-1024x780.jpg\" alt=\"5 Anita 3\" \/><\/figure><\/div><div class=\"swiper-slide\" role=\"group\" aria-roledescription=\"slide\" aria-label=\"6 of 6\"><figure class=\"swiper-slide-inner\"><img decoding=\"async\" class=\"swiper-slide-image\" src=\"https:\/\/casaanita.com\/wp-content\/uploads\/2015\/09\/6-Anita-3-1024x768.jpg\" alt=\"6 Anita 3\" \/><\/figure><\/div>\t\t\t<\/div>\n\t\t\t\t\t\t\t\t\t\t\t\t<div class=\"elementor-swiper-button elementor-swiper-button-prev\" role=\"button\" tabindex=\"0\">\n\t\t\t\t\t\t<i aria-hidden=\"true\" class=\"eicon-chevron-left\"><\/i>\t\t\t\t\t<\/div>\n\t\t\t\t\t<div class=\"elementor-swiper-button elementor-swiper-button-next\" role=\"button\" tabindex=\"0\">\n\t\t\t\t\t\t<i aria-hidden=\"true\" class=\"eicon-chevron-right\"><\/i>\t\t\t\t\t<\/div>\n\t\t\t\t\n\t\t\t\t\t\t\t\t\t<div class=\"swiper-pagination\"><\/div>\n\t\t\t\t\t\t\t\t\t<\/div>\n\t\t\t\t\t\t<\/div>\n\t\t\t\t<\/div>\n\t\t\t\t\t<\/div>\n\t\t<\/div>\n\t\t\t\t<div class=\"elementor-column elementor-col-25 elementor-top-column elementor-element elementor-element-52c5d9f\" data-id=\"52c5d9f\" data-element_type=\"column\">\n\t\t\t<div class=\"elementor-widget-wrap elementor-element-populated\">\n\t\t\t\t\t\t\t<\/div>\n\t\t<\/div>\n\t\t\t\t<div class=\"elementor-column elementor-col-25 elementor-top-column elementor-element elementor-element-1ff8ca1\" data-id=\"1ff8ca1\" data-element_type=\"column\">\n\t\t\t<div class=\"elementor-widget-wrap elementor-element-populated\">\n\t\t\t\t\t\t<div class=\"elementor-element elementor-element-5534089 elementor-widget elementor-widget-text-editor\" data-id=\"5534089\" data-element_type=\"widget\" data-widget_type=\"text-editor.default\">\n\t\t\t\t<div class=\"elementor-widget-container\">\n\t\t\t\t\t\t\t\t\t<h1 style=\"text-align: center;\" align=\"left\"><span style=\"font-weight: normal;\">A La Venta $125,000 Usd<br \/>29.48 m<sup>2<\/sup><\/span><\/h1><table class=\"table table-striped\"><tbody><tr><td style=\"text-align: center;\"><span style=\"color: #000000;\"><strong># de Personas<\/strong><\/span><\/td><td style=\"text-align: center;\"><span style=\"color: #000000;\"><strong>1 o 2<\/strong><\/span><\/td><\/tr><tr><td style=\"text-align: center;\"><span style=\"color: #000000;\">Abr.21 \u2013 Dec.22<\/span><\/td><td style=\"text-align: center;\"><span style=\"color: #000000;\">$60.00 US<\/span><br \/><span style=\"color: #000000;\">$1200 MX<\/span><\/td><\/tr><tr><td style=\"text-align: center;\"><span style=\"color: #000000;\">Dic.23 \u2013 Jan.3<\/span><\/td><td style=\"text-align: center;\"><span style=\"color: #000000;\">$100.00 US<\/span><br \/><span style=\"color: #000000;\">$2000 MX<\/span><\/td><\/tr><tr><td style=\"text-align: center;\"><span style=\"color: #000000;\">Jan.4 \u2013 Abr.20<\/span><\/td><td style=\"text-align: center;\"><span style=\"color: #000000;\">$80.00 US<\/span><br \/><span style=\"color: #000000;\">$1600 MX<\/span><\/td><\/tr><\/tbody><\/table><p><span style=\"color: #000000;\"><strong>Las tarifas incluyen todos los impuestos<\/strong>.<\/span><br \/><span style=\"color: #000000;\">Tenemos una estancia m\u00ednima de 5 noches en las siguientes fechas: <\/span><span style=\"color: #000000;\">Dic. 23-Jan. 3 + Abr.13-20, 2025<\/span><\/p>\t\t\t\t\t\t\t\t<\/div>\n\t\t\t\t<\/div>\n\t\t\t\t\t<\/div>\n\t\t<\/div>\n\t\t\t\t<div class=\"elementor-column elementor-col-25 elementor-top-column elementor-element elementor-element-64bfd6a\" data-id=\"64bfd6a\" data-element_type=\"column\">\n\t\t\t<div class=\"elementor-widget-wrap elementor-element-populated\">\n\t\t\t\t\t\t\t<\/div>\n\t\t<\/div>\n\t\t\t\t\t<\/div>\n\t\t<\/section>\n\t\t\t\t<section class=\"elementor-section elementor-top-section elementor-element elementor-element-881f48d elementor-section-boxed elementor-section-height-default elementor-section-height-default\" data-id=\"881f48d\" data-element_type=\"section\">\n\t\t\t\t\t\t<div class=\"elementor-container elementor-column-gap-default\">\n\t\t\t\t\t<div class=\"elementor-column elementor-col-100 elementor-top-column elementor-element elementor-element-bff57f8\" data-id=\"bff57f8\" data-element_type=\"column\">\n\t\t\t<div class=\"elementor-widget-wrap elementor-element-populated\">\n\t\t\t\t\t\t<div class=\"elementor-element elementor-element-44e6580 elementor-widget elementor-widget-text-editor\" data-id=\"44e6580\" data-element_type=\"widget\" data-widget_type=\"text-editor.default\">\n\t\t\t\t<div class=\"elementor-widget-container\">\n\t\t\t\t\t\t\t\t\t<h3><strong>De la propiedad de Comodidades y Extras<\/strong><\/h3><ul><li>2 Swimming Pools<\/li><li>TV por Cable con canales en ingl\u00e9s y espa\u00f1ol<\/li><li>Lavander\u00eda Que Funciona Con Monedas<\/li><li>Ubicaci\u00f3n de la clave, a poca distancia del centro de la ciudad<\/li><li>A s\u00f3lo 5 minutos a pie de la playa<\/li><li>Residente Canadiense, triling\u00fce manager en el sitio.<\/li><li>Franc\u00e9s, ingl\u00e9s y espa\u00f1ol.<\/li><li>Mostrador de informaci\u00f3n tur\u00edstica con el cat\u00e1logo de actividades.<\/li><li>Servicio de limpieza diario (excepto los d\u00edas festivos).<\/li><li>Caja fuerte para guardar tus objetos de valor. Trae tu propio candado.<\/li><li>Aparcamiento gratuito.<\/li><li>Cerca de transporte (taxis, autobuses).<\/li><li>Servicio de entrega de agua y otras bebidas a precios baratos.<\/li><li>Restaurantes, tiendas, bancos, hospitales y todo dentro de un paseo.<\/li><li>Privada, masajista, manicura o pedicura cita previa.<\/li><li>Tarjetas de cr\u00e9dito aceptadas: VISA, MASTERCARD y PAYPAL.<\/li><li>Mejores vistas de la ciudad!<\/li><li>Internet inal\u00e1mbrico de alta velocidad de conexi\u00f3n disponible a partir de patios.<\/li><li>Todas nuestras suites tienen TV por cable<\/li><\/ul><h3><strong>Opciones, Extras y Suplementos<\/strong><\/h3><ul><li>Una forma de transferencia (desde el aeropuerto a la Casa Anita solamente) \u2013 $15 USD por persona \u2013 m\u00ednimo 2 personas.<\/li><li>Late check out (12-4 pm) \u2013 $25 USD por suite<\/li><li>Ni\u00f1os (menores de 2 a\u00f1os de edad): Sin cargo.<\/li><li>Grupos de+ de 40 \u2013 Llame para precios especiales<\/li><li>Navidad, A\u00f1o Nuevo y Pascua \u2013 estancia m\u00ednima de 5 noches<\/li><li>Bottled Water &#8211; $6 USD for a bottle of 19 liters.<\/li><\/ul><p><a href=\"https:\/\/casaanita.com\/es\/terms-and-conditions\/\"><strong>Pagos Y Pol\u00edtica De Cancelaci\u00f3n<\/strong><\/a><\/p><div class=\"col-12 col-lg-4\"><div class=\"single-contact-information mb-100\"><div class=\"section-text\"><h3>Nos encantar\u00eda saber de usted.<\/h3><p>Correo electr\u00f3nico o vis\u00edtenos directamente<\/p><\/div><div class=\"contact-content d-flex\"><p><span style=\"color: #000000;\"><strong>Correo electr\u00f3nico:<\/strong><\/span><br \/>casanita@prodigy.net.mx<\/p><p><strong><span style=\"color: #000000;\">Direcci\u00f3n:<\/span>\u00a0<\/strong><\/p><\/div><div class=\"contact-content d-flex\"><p>Casa Anita &amp; Corona del Mar,<br \/>Carretera Barra de Navidad # 601,<br \/>Cel. Amapas,<br \/>Puerto Vallarta, Jalisco,<br \/>C. P. 48399 M\u00e9xico<\/p><\/div><\/div><\/div><div class=\"col-12 col-lg-4\"><div class=\"single-contact-information mb-100\"><div class=\"section-text\"><h3>Ll\u00e1menos desde<br \/>Canad\u00e1 o Estados Unidos<\/h3><\/div><div class=\"contact-content d-flex\"><p><span style=\"color: #000000;\"><strong>Tel\u00e9fono:<\/strong><\/span><\/p><p>011-52-322-222-0018<\/p><\/div><\/div><\/div><div class=\"col-12 col-lg-4\"><div class=\"single-contact-information mb-100\"><div class=\"section-text\"><h3>Ll\u00e1menos desde M\u00e9xico<\/h3><\/div><div class=\"contact-content d-flex\"><p><span style=\"color: #000000;\"><strong>Tel\u00e9fono:<\/strong><\/span><\/p><p>800-716-0184<\/p><\/div><div class=\"contact-content d-flex\"><p>322-222-0018<\/p><\/div><\/div><\/div>\t\t\t\t\t\t\t\t<\/div>\n\t\t\t\t<\/div>\n\t\t\t\t\t<\/div>\n\t\t<\/div>\n\t\t\t\t\t<\/div>\n\t\t<\/section>\n\t\t\t\t<section class=\"elementor-section elementor-top-section elementor-element elementor-element-1898cce elementor-section-boxed elementor-section-height-default elementor-section-height-default\" data-id=\"1898cce\" data-element_type=\"section\">\n\t\t\t\t\t\t<div class=\"elementor-container elementor-column-gap-default\">\n\t\t\t\t\t<div class=\"elementor-column elementor-col-100 elementor-top-column elementor-element elementor-element-99de306\" data-id=\"99de306\" data-element_type=\"column\">\n\t\t\t<div class=\"elementor-widget-wrap elementor-element-populated\">\n\t\t\t\t\t\t<div class=\"elementor-element elementor-element-833c819 elementor-widget elementor-widget-google_maps\" data-id=\"833c819\" data-element_type=\"widget\" data-widget_type=\"google_maps.default\">\n\t\t\t\t<div class=\"elementor-widget-container\">\n\t\t\t\t\t\t\t<div class=\"elementor-custom-embed\">\n\t\t\t<iframe loading=\"lazy\"\n\t\t\t\t\tsrc=\"https:\/\/maps.google.com\/maps?q=Casa%20Anita%20Corona%20del%20mar&#038;t=m&#038;z=15&#038;output=embed&#038;iwloc=near\"\n\t\t\t\t\ttitle=\"Casa Anita Corona del mar\"\n\t\t\t\t\taria-label=\"Casa Anita Corona del mar\"\n\t\t\t><\/iframe>\n\t\t<\/div>\n\t\t\t\t\t\t<\/div>\n\t\t\t\t<\/div>\n\t\t\t\t<div class=\"elementor-element elementor-element-2344e46 elementor-widget elementor-widget-spacer\" data-id=\"2344e46\" data-element_type=\"widget\" data-widget_type=\"spacer.default\">\n\t\t\t\t<div class=\"elementor-widget-container\">\n\t\t\t\t\t\t\t<div class=\"elementor-spacer\">\n\t\t\t<div class=\"elementor-spacer-inner\"><\/div>\n\t\t<\/div>\n\t\t\t\t\t\t<\/div>\n\t\t\t\t<\/div>\n\t\t\t\t\t<\/div>\n\t\t<\/div>\n\t\t\t\t\t<\/div>\n\t\t<\/section>\n\t\t\t\t<\/div>","protected":false},"excerpt":{"rendered":"<p>Casa Anita 3 Bachelor Suite Anita 3 This cozy studio is located one floor above the pool and BBQ deck.\u00a0Anita 3\u00a0is very popular because of its low price. This suite has all the same amenities as the other suites: fully equipped kitchen, cable TV, WIFI, and private balcony with a view of the bay. The [&hellip;]<\/p>","protected":false},"author":1,"featured_media":0,"parent":0,"menu_order":0,"comment_status":"closed","ping_status":"closed","template":"page-templates\/homepage.php","meta":{"footnotes":""},"class_list":["post-4263","page","type-page","status-publish","hentry"],"_links":{"self":[{"href":"https:\/\/casaanita.com\/es\/wp-json\/wp\/v2\/pages\/4263","targetHints":{"allow":["GET"]}}],"collection":[{"href":"https:\/\/casaanita.com\/es\/wp-json\/wp\/v2\/pages"}],"about":[{"href":"https:\/\/casaanita.com\/es\/wp-json\/wp\/v2\/types\/page"}],"author":[{"embeddable":true,"href":"https:\/\/casaanita.com\/es\/wp-json\/wp\/v2\/users\/1"}],"replies":[{"embeddable":true,"href":"https:\/\/casaanita.com\/es\/wp-json\/wp\/v2\/comments?post=4263"}],"version-history":[{"count":118,"href":"https:\/\/casaanita.com\/es\/wp-json\/wp\/v2\/pages\/4263\/revisions"}],"predecessor-version":[{"id":6365,"href":"https:\/\/casaanita.com\/es\/wp-json\/wp\/v2\/pages\/4263\/revisions\/6365"}],"wp:attachment":[{"href":"https:\/\/casaanita.com\/es\/wp-json\/wp\/v2\/media?parent=4263"}],"curies":[{"name":"wp","href":"https:\/\/api.w.org\/{rel}","templated":true}]}}