{"id":4411,"date":"2023-08-10T19:43:48","date_gmt":"2023-08-10T19:43:48","guid":{"rendered":"http:\/\/casaanita.cgmktpv.com\/?page_id=4411"},"modified":"2024-12-19T17:56:49","modified_gmt":"2024-12-19T17:56:49","slug":"three-bedroom-penthhouse","status":"publish","type":"page","link":"https:\/\/casaanita.com\/es\/three-bedroom-penthhouse\/","title":{"rendered":"Tres Dormitorios Penthhouse"},"content":{"rendered":"<div data-elementor-type=\"wp-page\" data-elementor-id=\"4411\" class=\"elementor elementor-4411\">\n\t\t\t\t\t\t<section class=\"elementor-section elementor-top-section elementor-element elementor-element-2a632c0 elementor-section-boxed elementor-section-height-default elementor-section-height-default\" data-id=\"2a632c0\" data-element_type=\"section\">\n\t\t\t\t\t\t<div class=\"elementor-container elementor-column-gap-default\">\n\t\t\t\t\t<div class=\"elementor-column elementor-col-100 elementor-top-column elementor-element elementor-element-d3fd492\" data-id=\"d3fd492\" data-element_type=\"column\">\n\t\t\t<div class=\"elementor-widget-wrap\">\n\t\t\t\t\t\t\t<\/div>\n\t\t<\/div>\n\t\t\t\t\t<\/div>\n\t\t<\/section>\n\t\t\t\t<section class=\"elementor-section elementor-top-section elementor-element elementor-element-9574bf5 elementor-section-height-min-height elementor-section-stretched elementor-section-boxed elementor-section-height-default elementor-section-items-middle\" data-id=\"9574bf5\" data-element_type=\"section\" data-settings=\"{&quot;stretch_section&quot;:&quot;section-stretched&quot;,&quot;background_background&quot;:&quot;classic&quot;}\">\n\t\t\t\t\t\t<div class=\"elementor-container elementor-column-gap-custom\">\n\t\t\t\t\t<div class=\"elementor-column elementor-col-100 elementor-top-column elementor-element elementor-element-68f5f1d\" data-id=\"68f5f1d\" data-element_type=\"column\">\n\t\t\t<div class=\"elementor-widget-wrap elementor-element-populated\">\n\t\t\t\t\t\t<div class=\"elementor-element elementor-element-93ae86d elementor-absolute elementor-widget elementor-widget-thim-ekits-heading\" data-id=\"93ae86d\" data-element_type=\"widget\" data-settings=\"{&quot;_position&quot;:&quot;absolute&quot;}\" data-widget_type=\"thim-ekits-heading.default\">\n\t\t\t\t<div class=\"elementor-widget-container\">\n\t\t\t\t\t<div class=\"thim-ekits-heading thim-ekit__heading\"><h5 class=\"sub-heading\">Casa Anita<\/h5><h1 class=\"title\">Penthouse Suite<\/h1><\/div>\t\t\t\t<\/div>\n\t\t\t\t<\/div>\n\t\t\t\t\t<\/div>\n\t\t<\/div>\n\t\t\t\t\t<\/div>\n\t\t<\/section>\n\t\t\t\t<section class=\"elementor-section elementor-top-section elementor-element elementor-element-5da63df elementor-section-boxed elementor-section-height-default elementor-section-height-default\" data-id=\"5da63df\" data-element_type=\"section\">\n\t\t\t\t\t\t<div class=\"elementor-container elementor-column-gap-default\">\n\t\t\t\t\t<div class=\"elementor-column elementor-col-100 elementor-top-column elementor-element elementor-element-f53ce6d\" data-id=\"f53ce6d\" data-element_type=\"column\">\n\t\t\t<div class=\"elementor-widget-wrap elementor-element-populated\">\n\t\t\t\t\t\t<div class=\"elementor-element elementor-element-509413d elementor-widget elementor-widget-thim-ekits-heading\" data-id=\"509413d\" data-element_type=\"widget\" data-widget_type=\"thim-ekits-heading.default\">\n\t\t\t\t<div class=\"elementor-widget-container\">\n\t\t\t\t\t<div class=\"thim-ekits-heading thim-ekit__heading\"><h1 class=\"title\">Anita 19<\/h1>\t\t\t<div class='desc'>\n\t\t\t\t<p class=\"p1\">Un penthouse es generalmente el \u00faltimo de la vivienda as\u00ed como de ser la m\u00e1s alta del edificio, Anita 19 es tanto y que realmente espectacular. Anita 19 tiene un gran patio con un bar, varias sillas y una zona cubierta con mesa y sillas, con una vista espectacular de toda la bah\u00eda y el centro de la ciudad.<span class=\"Apple-converted-space\">\u00a0 <\/span>Esta suite dispone de tres dormitorios con una cama king size y aire acondicionado en cada uno y un cuarto de ba\u00f1o en cada piso. Construida en dos niveles, el techo de la sala se levanta la catedral-como a la segunda historia, techo con un 1\/2 tonelada de metal filigrana candelabro de hierro que domina el centro de arriba c\u00f3modos sof\u00e1s, una gran pantalla plana de T. V. con cable y aire acondicionado. La cocina est\u00e1 totalmente equipada con un refrigerador grande, estufa con horno, cafetera, microondas, licuadora, ollas y sartenes, vajilla y cristaler\u00eda. Anita 19 es perfecto para las reuniones familiares.<\/p>\t\t\t<\/div>\n\t\t<\/div>\t\t\t\t<\/div>\n\t\t\t\t<\/div>\n\t\t\t\t\t<\/div>\n\t\t<\/div>\n\t\t\t\t\t<\/div>\n\t\t<\/section>\n\t\t\t\t<section class=\"elementor-section elementor-top-section elementor-element elementor-element-881f48d elementor-section-boxed elementor-section-height-default elementor-section-height-default\" data-id=\"881f48d\" data-element_type=\"section\">\n\t\t\t\t\t\t<div class=\"elementor-container elementor-column-gap-default\">\n\t\t\t\t\t<div class=\"elementor-column elementor-col-100 elementor-top-column elementor-element elementor-element-bff57f8\" data-id=\"bff57f8\" data-element_type=\"column\">\n\t\t\t<div class=\"elementor-widget-wrap elementor-element-populated\">\n\t\t\t\t\t\t<section class=\"elementor-section elementor-inner-section elementor-element elementor-element-369ab8d elementor-section-boxed elementor-section-height-default elementor-section-height-default\" data-id=\"369ab8d\" data-element_type=\"section\">\n\t\t\t\t\t\t<div class=\"elementor-container elementor-column-gap-default\">\n\t\t\t\t\t<div class=\"elementor-column elementor-col-50 elementor-inner-column elementor-element elementor-element-387f3f6\" data-id=\"387f3f6\" data-element_type=\"column\">\n\t\t\t<div class=\"elementor-widget-wrap elementor-element-populated\">\n\t\t\t\t\t\t<div class=\"elementor-element elementor-element-57bf7a0 elementor-widget-tablet__width-initial elementor-arrows-position-inside elementor-pagination-position-outside elementor-widget elementor-widget-image-carousel\" data-id=\"57bf7a0\" data-element_type=\"widget\" data-settings=\"{&quot;slides_to_show&quot;:&quot;1&quot;,&quot;navigation&quot;:&quot;both&quot;,&quot;autoplay&quot;:&quot;yes&quot;,&quot;pause_on_hover&quot;:&quot;yes&quot;,&quot;pause_on_interaction&quot;:&quot;yes&quot;,&quot;autoplay_speed&quot;:5000,&quot;infinite&quot;:&quot;yes&quot;,&quot;effect&quot;:&quot;slide&quot;,&quot;speed&quot;:500}\" data-widget_type=\"image-carousel.default\">\n\t\t\t\t<div class=\"elementor-widget-container\">\n\t\t\t\t\t\t\t<div class=\"elementor-image-carousel-wrapper swiper\" role=\"region\" aria-roledescription=\"carousel\" aria-label=\"Image Carousel\" dir=\"ltr\">\n\t\t\t<div class=\"elementor-image-carousel swiper-wrapper\" aria-live=\"off\">\n\t\t\t\t\t\t\t\t<div class=\"swiper-slide\" role=\"group\" aria-roledescription=\"slide\" aria-label=\"1 of 19\"><figure class=\"swiper-slide-inner\"><img decoding=\"async\" class=\"swiper-slide-image\" src=\"https:\/\/casaanita.com\/wp-content\/uploads\/2015\/09\/1-Anita-19-1024x683.jpg\" alt=\"1 Anita 19\" \/><\/figure><\/div><div class=\"swiper-slide\" role=\"group\" aria-roledescription=\"slide\" aria-label=\"2 of 19\"><figure class=\"swiper-slide-inner\"><img decoding=\"async\" class=\"swiper-slide-image\" src=\"https:\/\/casaanita.com\/wp-content\/uploads\/2015\/09\/2-Anita-19-1024x806.jpg\" alt=\"2 Anita 19\" \/><\/figure><\/div><div class=\"swiper-slide\" role=\"group\" aria-roledescription=\"slide\" aria-label=\"3 of 19\"><figure class=\"swiper-slide-inner\"><img decoding=\"async\" class=\"swiper-slide-image\" src=\"https:\/\/casaanita.com\/wp-content\/uploads\/2015\/09\/3-Anita-19-1024x683.jpg\" alt=\"3 Anita 19\" \/><\/figure><\/div><div class=\"swiper-slide\" role=\"group\" aria-roledescription=\"slide\" aria-label=\"4 of 19\"><figure class=\"swiper-slide-inner\"><img decoding=\"async\" class=\"swiper-slide-image\" src=\"https:\/\/casaanita.com\/wp-content\/uploads\/2015\/09\/4-Anita-19-1024x683.jpg\" alt=\"4 Anita 19\" \/><\/figure><\/div><div class=\"swiper-slide\" role=\"group\" aria-roledescription=\"slide\" aria-label=\"5 of 19\"><figure class=\"swiper-slide-inner\"><img decoding=\"async\" class=\"swiper-slide-image\" src=\"https:\/\/casaanita.com\/wp-content\/uploads\/2015\/09\/5-Anita-19-1024x629.jpg\" alt=\"5 Anita 19\" \/><\/figure><\/div><div class=\"swiper-slide\" role=\"group\" aria-roledescription=\"slide\" aria-label=\"6 of 19\"><figure class=\"swiper-slide-inner\"><img decoding=\"async\" class=\"swiper-slide-image\" src=\"https:\/\/casaanita.com\/wp-content\/uploads\/2015\/09\/6-Anita-19-1024x626.jpg\" alt=\"6 Anita 19\" \/><\/figure><\/div><div class=\"swiper-slide\" role=\"group\" aria-roledescription=\"slide\" aria-label=\"7 of 19\"><figure class=\"swiper-slide-inner\"><img decoding=\"async\" class=\"swiper-slide-image\" src=\"https:\/\/casaanita.com\/wp-content\/uploads\/2015\/09\/7-Anita-19-1024x631.jpg\" alt=\"7 Anita 19\" \/><\/figure><\/div><div class=\"swiper-slide\" role=\"group\" aria-roledescription=\"slide\" aria-label=\"8 of 19\"><figure class=\"swiper-slide-inner\"><img decoding=\"async\" class=\"swiper-slide-image\" src=\"https:\/\/casaanita.com\/wp-content\/uploads\/2015\/09\/8-Anita-19-1024x768.jpg\" alt=\"8 Anita 19\" \/><\/figure><\/div><div class=\"swiper-slide\" role=\"group\" aria-roledescription=\"slide\" aria-label=\"9 of 19\"><figure class=\"swiper-slide-inner\"><img decoding=\"async\" class=\"swiper-slide-image\" src=\"https:\/\/casaanita.com\/wp-content\/uploads\/2015\/09\/9-Anita-19-1024x768.jpg\" alt=\"9 Anita 19\" \/><\/figure><\/div><div class=\"swiper-slide\" role=\"group\" aria-roledescription=\"slide\" aria-label=\"10 of 19\"><figure class=\"swiper-slide-inner\"><img decoding=\"async\" class=\"swiper-slide-image\" src=\"https:\/\/casaanita.com\/wp-content\/uploads\/2015\/09\/10-Anita-19-1024x768.jpg\" alt=\"10 Anita 19\" \/><\/figure><\/div><div class=\"swiper-slide\" role=\"group\" aria-roledescription=\"slide\" aria-label=\"11 of 19\"><figure class=\"swiper-slide-inner\"><img decoding=\"async\" class=\"swiper-slide-image\" src=\"https:\/\/casaanita.com\/wp-content\/uploads\/2015\/09\/11-Anita-19-1024x768.jpg\" alt=\"11 Anita 19\" \/><\/figure><\/div><div class=\"swiper-slide\" role=\"group\" aria-roledescription=\"slide\" aria-label=\"12 of 19\"><figure class=\"swiper-slide-inner\"><img decoding=\"async\" class=\"swiper-slide-image\" src=\"https:\/\/casaanita.com\/wp-content\/uploads\/2015\/09\/12-Anita-19-1024x683.jpg\" alt=\"12 Anita 19\" \/><\/figure><\/div><div class=\"swiper-slide\" role=\"group\" aria-roledescription=\"slide\" aria-label=\"13 of 19\"><figure class=\"swiper-slide-inner\"><img decoding=\"async\" class=\"swiper-slide-image\" src=\"https:\/\/casaanita.com\/wp-content\/uploads\/2015\/09\/13-Anita-19-1024x768.jpg\" alt=\"13 Anita 19\" \/><\/figure><\/div><div class=\"swiper-slide\" role=\"group\" aria-roledescription=\"slide\" aria-label=\"14 of 19\"><figure class=\"swiper-slide-inner\"><img decoding=\"async\" class=\"swiper-slide-image\" src=\"https:\/\/casaanita.com\/wp-content\/uploads\/2015\/09\/14-Anita-19-1024x816.jpg\" alt=\"14 Anita 19\" \/><\/figure><\/div><div class=\"swiper-slide\" role=\"group\" aria-roledescription=\"slide\" aria-label=\"15 of 19\"><figure class=\"swiper-slide-inner\"><img decoding=\"async\" class=\"swiper-slide-image\" src=\"https:\/\/casaanita.com\/wp-content\/uploads\/2015\/09\/15-Anita-19-1024x683.jpg\" alt=\"15 Anita 19\" \/><\/figure><\/div><div class=\"swiper-slide\" role=\"group\" aria-roledescription=\"slide\" aria-label=\"16 of 19\"><figure class=\"swiper-slide-inner\"><img decoding=\"async\" class=\"swiper-slide-image\" src=\"https:\/\/casaanita.com\/wp-content\/uploads\/2015\/09\/16-Anita-19-1024x683.jpg\" alt=\"16 Anita 19\" \/><\/figure><\/div><div class=\"swiper-slide\" role=\"group\" aria-roledescription=\"slide\" aria-label=\"17 of 19\"><figure class=\"swiper-slide-inner\"><img decoding=\"async\" class=\"swiper-slide-image\" src=\"https:\/\/casaanita.com\/wp-content\/uploads\/2015\/09\/17-Anita-19-1024x576.jpg\" alt=\"17 Anita 19\" \/><\/figure><\/div><div class=\"swiper-slide\" role=\"group\" aria-roledescription=\"slide\" aria-label=\"18 of 19\"><figure class=\"swiper-slide-inner\"><img decoding=\"async\" class=\"swiper-slide-image\" src=\"https:\/\/casaanita.com\/wp-content\/uploads\/2015\/09\/18-Anita-19-1024x683.jpg\" alt=\"18 Anita 19\" \/><\/figure><\/div><div class=\"swiper-slide\" role=\"group\" aria-roledescription=\"slide\" aria-label=\"19 of 19\"><figure class=\"swiper-slide-inner\"><img decoding=\"async\" class=\"swiper-slide-image\" src=\"https:\/\/casaanita.com\/wp-content\/uploads\/2015\/09\/19-Anita-19-1024x768.jpg\" alt=\"19 Anita 19\" \/><\/figure><\/div>\t\t\t<\/div>\n\t\t\t\t\t\t\t\t\t\t\t\t<div class=\"elementor-swiper-button elementor-swiper-button-prev\" role=\"button\" tabindex=\"0\">\n\t\t\t\t\t\t<i aria-hidden=\"true\" class=\"eicon-chevron-left\"><\/i>\t\t\t\t\t<\/div>\n\t\t\t\t\t<div class=\"elementor-swiper-button elementor-swiper-button-next\" role=\"button\" tabindex=\"0\">\n\t\t\t\t\t\t<i aria-hidden=\"true\" class=\"eicon-chevron-right\"><\/i>\t\t\t\t\t<\/div>\n\t\t\t\t\n\t\t\t\t\t\t\t\t\t<div class=\"swiper-pagination\"><\/div>\n\t\t\t\t\t\t\t\t\t<\/div>\n\t\t\t\t\t\t<\/div>\n\t\t\t\t<\/div>\n\t\t\t\t\t<\/div>\n\t\t<\/div>\n\t\t\t\t<div class=\"elementor-column elementor-col-50 elementor-inner-column elementor-element elementor-element-a7a5bd1\" data-id=\"a7a5bd1\" data-element_type=\"column\">\n\t\t\t<div class=\"elementor-widget-wrap elementor-element-populated\">\n\t\t\t\t\t\t<div class=\"elementor-element elementor-element-8487d82 elementor-widget-tablet__width-initial elementor-widget elementor-widget-text-editor\" data-id=\"8487d82\" data-element_type=\"widget\" data-widget_type=\"text-editor.default\">\n\t\t\t\t<div class=\"elementor-widget-container\">\n\t\t\t\t\t\t\t\t\t<h1 style=\"text-align: center;\" align=\"left\"><span style=\"font-weight: normal;\">A La Venta $410,000 D\u00f3lares<br \/>170.76 <\/span><span style=\"font-weight: normal;\">m<sup>2<\/sup><\/span><\/h1><table class=\"table table-striped\"><tbody><tr><td><span style=\"color: #000000;\"># de Personas<\/span><\/td><td><p style=\"text-align: center;\"><span style=\"color: #000000;\">1 o 2<\/span><\/p><\/td><td><p style=\"text-align: center;\"><span style=\"color: #000000;\">3<\/span><\/p><\/td><td><p style=\"text-align: center;\"><span style=\"color: #000000;\">4<\/span><\/p><\/td><td><p style=\"text-align: center;\"><span style=\"color: #000000;\">5<\/span><\/p><\/td><td><p style=\"text-align: center;\"><span style=\"color: #000000;\">6<\/span><\/p><\/td><\/tr><tr><td><span style=\"color: #000000;\">Abr.21 \u2013 Dec.22<\/span><\/td><td><span style=\"color: #000000;\">$175 US<\/span><br \/><span style=\"color: #000000;\">$3,500 MX<\/span><\/td><td><span style=\"color: #000000;\">$185 US<\/span><br \/><span style=\"color: #000000;\">$3,700 MX<\/span><\/td><td><span style=\"color: #000000;\">$195 US<\/span><br \/><span style=\"color: #000000;\">$3,900 MX<\/span><\/td><td><span style=\"color: #000000;\">$205 US<\/span><br \/><span style=\"color: #000000;\">$4,100 MX<\/span><\/td><td><span style=\"color: #000000;\">$215 US<\/span><br \/><span style=\"color: #000000;\">$4,300 MX<\/span><\/td><\/tr><tr><td><span style=\"color: #000000;\">Dic.23 \u2013 Jan.3<\/span><\/td><td><span style=\"color: #000000;\">$220 US<\/span><br \/><span style=\"color: #000000;\">$4,400 MX<\/span><\/td><td><span style=\"color: #000000;\">$230 US<\/span><br \/><span style=\"color: #000000;\">$4,600 MX<\/span><\/td><td><span style=\"color: #000000;\">$240 US<\/span><br \/><span style=\"color: #000000;\">$4,800 MX<\/span><\/td><td><span style=\"color: #000000;\">$250 US<\/span><br \/><span style=\"color: #000000;\">$5,000 MX<\/span><\/td><td><span style=\"color: #000000;\">$260 US<\/span><br \/><span style=\"color: #000000;\">$5,200 MX<\/span><\/td><\/tr><tr><td><span style=\"color: #000000;\">Jan.4 \u2013 Abr.20<\/span><\/td><td><span style=\"color: #000000;\">$200 US<\/span><br \/><span style=\"color: #000000;\">$4,000 MX<\/span><\/td><td><span style=\"color: #000000;\">$210<\/span><br \/><span style=\"color: #000000;\">$4,200 MX<\/span><\/td><td><span style=\"color: #000000;\">$220 US<\/span><br \/><span style=\"color: #000000;\">$4,400 MX<\/span><\/td><td><span style=\"color: #000000;\">$230 US<\/span><br \/><span style=\"color: #000000;\">$4,600 MX<\/span><\/td><td><span style=\"color: #000000;\">$240 US<\/span><br \/><span style=\"color: #000000;\">$4,800 MX<\/span><\/td><\/tr><\/tbody><\/table><p><span style=\"color: #000000;\"><strong><img decoding=\"async\" class=\"size-full wp-image-5020 alignnone\" src=\"https:\/\/casaanita.cgmktpv.com\/wp-content\/uploads\/2023\/11\/airconditioning.png\" alt=\"\" width=\"180\" height=\"46\" \/><\/strong><\/span><\/p><p><span style=\"color: #000000;\"><strong>Las tarifas incluyen todos los impuestos<\/strong>.<\/span><br \/><span style=\"color: #000000;\">Tenemos una estancia m\u00ednima de 5 noches para las siguientes fechas:<\/span><br \/><span style=\"color: #000000;\">Dic.23-Jan.3 + Abr.13-20, 2025<\/span><\/p>\t\t\t\t\t\t\t\t<\/div>\n\t\t\t\t<\/div>\n\t\t\t\t\t<\/div>\n\t\t<\/div>\n\t\t\t\t\t<\/div>\n\t\t<\/section>\n\t\t\t\t<div class=\"elementor-element elementor-element-de639f4 elementor-widget elementor-widget-text-editor\" data-id=\"de639f4\" data-element_type=\"widget\" data-widget_type=\"text-editor.default\">\n\t\t\t\t<div class=\"elementor-widget-container\">\n\t\t\t\t\t\t\t\t\t<h3><strong>De la propiedad de Comodidades y Extras<\/strong><\/h3><ul><li>2 Swimming Pools<\/li><li>TV por Cable con canales en ingl\u00e9s y espa\u00f1ol<\/li><li>Lavander\u00eda Que Funciona Con Monedas<\/li><li>Ubicaci\u00f3n de la clave, a poca distancia del centro de la ciudad<\/li><li>A s\u00f3lo 5 minutos a pie de la playa<\/li><li>Residente Canadiense, triling\u00fce manager en el sitio.<\/li><li>Franc\u00e9s, ingl\u00e9s y espa\u00f1ol.<\/li><li>Mostrador de informaci\u00f3n tur\u00edstica con el cat\u00e1logo de actividades.<\/li><li>Servicio de limpieza diario (excepto los d\u00edas festivos).<\/li><li>Caja fuerte para guardar tus objetos de valor. Trae tu propio candado.<\/li><li>Aparcamiento gratuito.<\/li><li>Cerca de transporte (taxis, autobuses).<\/li><li>Servicio de entrega de agua y otras bebidas a precios baratos.<\/li><li>Restaurantes, tiendas, bancos, hospitales y todo dentro de un paseo.<\/li><li>Privada, masajista, manicura o pedicura cita previa.<\/li><li>Tarjetas de cr\u00e9dito aceptadas: VISA, MASTERCARD y PAYPAL.<\/li><li>Mejores vistas de la ciudad!<\/li><li>Internet inal\u00e1mbrico de alta velocidad de conexi\u00f3n disponible a partir de patios.<\/li><li>Todas nuestras suites tienen TV por cable<\/li><\/ul><h3><strong><span style=\"color: #000000;\">Opciones, Extras y Suplementos<\/span><\/strong><\/h3><ul><li>Una forma de transferencia (desde el aeropuerto a la Casa Anita solamente) \u2013 $15 USD por persona \u2013 m\u00ednimo 2 personas.<\/li><li>Late check out (12-4 pm) \u2013 $25 USD por suite<\/li><li>Ni\u00f1os (menores de 2 a\u00f1os de edad): Sin cargo.<\/li><li>Grupos de+ de 40 \u2013 Llame para precios especiales<\/li><li>Navidad, A\u00f1o Nuevo y Pascua \u2013 estancia m\u00ednima de 5 noches<\/li><li>Bottled Water &#8211; $6 USD for a bottle of 19 liters.<\/li><\/ul><p><a href=\"https:\/\/casaanita.com\/es\/terms-and-conditions\/\"><strong>Pagos Y Pol\u00edtica De Cancelaci\u00f3n<\/strong><\/a><\/p><div class=\"col-12 col-lg-4\"><div class=\"single-contact-information mb-100\"><div class=\"section-text\"><h3>Nos encantar\u00eda saber de usted.<\/h3><p>Correo electr\u00f3nico o vis\u00edtenos directamente<\/p><\/div><div class=\"contact-content d-flex\"><p><span style=\"color: #000000;\"><strong>Correo electr\u00f3nico:<\/strong><\/span><br \/>casanita@prodigy.net.mx<\/p><p><span style=\"color: #000000;\"><strong>Direcci\u00f3n:\u00a0<\/strong><\/span><\/p><\/div><div class=\"contact-content d-flex\"><p>Casa Anita &amp; Corona del Mar,<br \/>Carretera Barra de Navidad # 601,<br \/>Cel. Amapas,<br \/>Puerto Vallarta, Jalisco,<br \/>C. P. 48399 M\u00e9xico<\/p><\/div><\/div><\/div><div class=\"col-12 col-lg-4\"><div class=\"single-contact-information mb-100\"><div class=\"section-text\"><h3>Ll\u00e1menos desde<br \/>Canad\u00e1 o Estados Unidos<\/h3><\/div><div class=\"contact-content d-flex\"><p><span style=\"color: #000000;\"><strong>Tel\u00e9fono:<\/strong><\/span><\/p><p>011-52-322-222-0018<\/p><\/div><\/div><\/div><div class=\"col-12 col-lg-4\"><div class=\"single-contact-information mb-100\"><div class=\"section-text\"><h3>Ll\u00e1menos desde M\u00e9xico<\/h3><\/div><div class=\"contact-content d-flex\"><p><span style=\"color: #000000;\"><strong>Tel\u00e9fono:<\/strong><\/span><\/p><p>800-716-0184<\/p><\/div><div class=\"contact-content d-flex\"><p>322-222-0018<\/p><\/div><\/div><\/div>\t\t\t\t\t\t\t\t<\/div>\n\t\t\t\t<\/div>\n\t\t\t\t\t<\/div>\n\t\t<\/div>\n\t\t\t\t\t<\/div>\n\t\t<\/section>\n\t\t\t\t<section class=\"elementor-section elementor-top-section elementor-element elementor-element-1898cce elementor-section-boxed elementor-section-height-default elementor-section-height-default\" data-id=\"1898cce\" data-element_type=\"section\">\n\t\t\t\t\t\t<div class=\"elementor-container elementor-column-gap-default\">\n\t\t\t\t\t<div class=\"elementor-column elementor-col-100 elementor-top-column elementor-element elementor-element-99de306\" data-id=\"99de306\" data-element_type=\"column\">\n\t\t\t<div class=\"elementor-widget-wrap elementor-element-populated\">\n\t\t\t\t\t\t<div class=\"elementor-element elementor-element-833c819 elementor-widget elementor-widget-google_maps\" data-id=\"833c819\" data-element_type=\"widget\" data-widget_type=\"google_maps.default\">\n\t\t\t\t<div class=\"elementor-widget-container\">\n\t\t\t\t\t\t\t<div class=\"elementor-custom-embed\">\n\t\t\t<iframe loading=\"lazy\"\n\t\t\t\t\tsrc=\"https:\/\/maps.google.com\/maps?q=Casa%20Anita%20Corona%20del%20mar&#038;t=m&#038;z=15&#038;output=embed&#038;iwloc=near\"\n\t\t\t\t\ttitle=\"Casa Anita Corona del mar\"\n\t\t\t\t\taria-label=\"Casa Anita Corona del mar\"\n\t\t\t><\/iframe>\n\t\t<\/div>\n\t\t\t\t\t\t<\/div>\n\t\t\t\t<\/div>\n\t\t\t\t<div class=\"elementor-element elementor-element-2344e46 elementor-widget elementor-widget-spacer\" data-id=\"2344e46\" data-element_type=\"widget\" data-widget_type=\"spacer.default\">\n\t\t\t\t<div class=\"elementor-widget-container\">\n\t\t\t\t\t\t\t<div class=\"elementor-spacer\">\n\t\t\t<div class=\"elementor-spacer-inner\"><\/div>\n\t\t<\/div>\n\t\t\t\t\t\t<\/div>\n\t\t\t\t<\/div>\n\t\t\t\t\t<\/div>\n\t\t<\/div>\n\t\t\t\t\t<\/div>\n\t\t<\/section>\n\t\t\t\t<\/div>","protected":false},"excerpt":{"rendered":"<p>Casa Anita Penthouse Suite Anita 19 A penthouse is usually the ultimate dwelling as well as being the highest in the building, Anita 19 is both that and truly spectacular. Anita 19 has a huge patio with a bar, several lounge chairs and a covered area with table and chairs with a spectacular view of [&hellip;]<\/p>","protected":false},"author":1,"featured_media":0,"parent":0,"menu_order":0,"comment_status":"closed","ping_status":"closed","template":"page-templates\/homepage.php","meta":{"footnotes":""},"class_list":["post-4411","page","type-page","status-publish","hentry"],"_links":{"self":[{"href":"https:\/\/casaanita.com\/es\/wp-json\/wp\/v2\/pages\/4411","targetHints":{"allow":["GET"]}}],"collection":[{"href":"https:\/\/casaanita.com\/es\/wp-json\/wp\/v2\/pages"}],"about":[{"href":"https:\/\/casaanita.com\/es\/wp-json\/wp\/v2\/types\/page"}],"author":[{"embeddable":true,"href":"https:\/\/casaanita.com\/es\/wp-json\/wp\/v2\/users\/1"}],"replies":[{"embeddable":true,"href":"https:\/\/casaanita.com\/es\/wp-json\/wp\/v2\/comments?post=4411"}],"version-history":[{"count":73,"href":"https:\/\/casaanita.com\/es\/wp-json\/wp\/v2\/pages\/4411\/revisions"}],"predecessor-version":[{"id":6380,"href":"https:\/\/casaanita.com\/es\/wp-json\/wp\/v2\/pages\/4411\/revisions\/6380"}],"wp:attachment":[{"href":"https:\/\/casaanita.com\/es\/wp-json\/wp\/v2\/media?parent=4411"}],"curies":[{"name":"wp","href":"https:\/\/api.w.org\/{rel}","templated":true}]}}